{"id":348,"date":"2015-03-14T04:59:06","date_gmt":"2015-03-14T04:59:06","guid":{"rendered":"https:\/\/inlaw.vn\/?page_id=348"},"modified":"2015-11-17T07:30:25","modified_gmt":"2015-11-17T07:30:25","slug":"van-ban-phap-luat","status":"publish","type":"page","link":"https:\/\/inlaw.vn\/en\/muc-thu-vien\/van-ban-phap-luat\/","title":{"rendered":"Legal Written"},"content":{"rendered":"<p>1.\u00a0<a title=\"Ph\u00e1p lu\u1eadt Doanh nghi\u1ec7p\" href=\"https:\/\/inlaw.vn\/muc-thu-vien\/van-ban-phap-luat\/phap-luat-doanh-nghiep\/\">Doanh nghi\u1ec7p<\/a><\/p>\n<p>2.\u00a0<a title=\"Ph\u00e1p lu\u1eadt \u0110\u1ea7u t\u01b0\" href=\"https:\/\/inlaw.vn\/muc-thu-vien\/van-ban-phap-luat\/phap-luat-dau-tu\/\">\u0110\u1ea7u t\u01b0<\/a><\/p>\n<p>3. <a title=\"Thu\u1ebf\" href=\"https:\/\/inlaw.vn\/muc-thu-vien\/van-ban-phap-luat\/thue\/\">Thu\u1ebf<\/a><\/p>\n<p>4. <a title=\"T\u00e0i ch\u00ednh \u2013 Ch\u1ee9ng kho\u00e1n\" href=\"https:\/\/inlaw.vn\/muc-thu-vien\/van-ban-phap-luat\/tai-chinh-chung-khoan\/\">T\u00e0i ch\u00ednh &#8211; Ch\u1ee9ng kho\u00e1n<\/a><\/p>\n<p>5. <a title=\"B\u1ea5t \u0111\u1ed9ng s\u1ea3n \u2013 X\u00e2y d\u1ef1ng\" href=\"https:\/\/inlaw.vn\/muc-thu-vien\/van-ban-phap-luat\/phap-luat-bat-dong-san\/\">B\u1ea5t \u0111\u1ed9ng s\u1ea3n &#8211; X\u00e2y d\u1ef1ng<\/a><\/p>\n<p>6. <a title=\"Th\u01b0\u01a1ng m\u1ea1i\" href=\"https:\/\/inlaw.vn\/muc-thu-vien\/van-ban-phap-luat\/thuong-mai\/\">Th\u01b0\u01a1ng m\u1ea1i<\/a><\/p>\n<p>7. <a title=\"Lao \u0111\u1ed9ng\" href=\"https:\/\/inlaw.vn\/muc-thu-vien\/van-ban-phap-luat\/lao-dong\/\">Lao \u0111\u1ed9ng<\/a><\/p>\n<p>8. <a title=\"S\u1edf h\u1eefu tr\u00ed tu\u1ec7\" href=\"https:\/\/inlaw.vn\/muc-thu-vien\/van-ban-phap-luat\/so-huu-tri-tue\/\">S\u1edf h\u1eefu tr\u00ed tu\u1ec7<\/a><\/p>\n<p>9. <a title=\"H\u00f4n nh\u00e2n \u2013 Gia \u0111\u00ecnh\" href=\"https:\/\/inlaw.vn\/muc-thu-vien\/van-ban-phap-luat\/hon-nhan-gia-dinh\/\">H\u00f4n nh\u00e2n &#8211; Gia \u0111\u00ecnh<\/a><\/p>\n<p>10. <a title=\"D\u00e2n s\u1ef1\" href=\"https:\/\/inlaw.vn\/muc-giai-quyet-tranh-chap\/dan-su\/\">D\u00e2n s\u1ef1<\/a><\/p>\n<p>11. <a title=\"H\u00e0nh ch\u00ednh \u2013 B\u1ed9 m\u00e1y Nh\u00e0 n\u01b0\u1edbc\" href=\"https:\/\/inlaw.vn\/muc-thu-vien\/van-ban-phap-luat\/hanh-chinh-bo-may-nha-nuoc\/\">H\u00e0nh ch\u00ednh &#8211; B\u1ed9 m\u00e1y nh\u00e0 n\u01b0\u1edbc<\/a><\/p>\n","protected":false},"excerpt":{"rendered":"<p>1.\u00a0Doanh nghi\u1ec7p 2.\u00a0\u0110\u1ea7u t\u01b0 3. Thu\u1ebf 4. T\u00e0i ch\u00ednh &#8211; Ch\u1ee9ng kho\u00e1n 5. B\u1ea5t \u0111\u1ed9ng s\u1ea3n &#8211; X\u00e2y d\u1ef1ng 6. Th\u01b0\u01a1ng m\u1ea1i 7. Lao \u0111\u1ed9ng 8. S\u1edf h\u1eefu tr\u00ed tu\u1ec7 9. H\u00f4n nh\u00e2n &#8211; Gia \u0111\u00ecnh 10. D\u00e2n s\u1ef1 11. [&hellip;]<\/p>\n","protected":false},"author":2,"featured_media":323,"parent":342,"menu_order":0,"comment_status":"open","ping_status":"open","template":"page_overview_template.php","meta":[],"_links":{"self":[{"href":"https:\/\/inlaw.vn\/en\/wp-json\/wp\/v2\/pages\/348"}],"collection":[{"href":"https:\/\/inlaw.vn\/en\/wp-json\/wp\/v2\/pages"}],"about":[{"href":"https:\/\/inlaw.vn\/en\/wp-json\/wp\/v2\/types\/page"}],"author":[{"embeddable":true,"href":"https:\/\/inlaw.vn\/en\/wp-json\/wp\/v2\/users\/2"}],"replies":[{"embeddable":true,"href":"https:\/\/inlaw.vn\/en\/wp-json\/wp\/v2\/comments?post=348"}],"version-history":[{"count":0,"href":"https:\/\/inlaw.vn\/en\/wp-json\/wp\/v2\/pages\/348\/revisions"}],"up":[{"embeddable":true,"href":"https:\/\/inlaw.vn\/en\/wp-json\/wp\/v2\/pages\/342"}],"wp:featuredmedia":[{"embeddable":true,"href":"https:\/\/inlaw.vn\/en\/wp-json\/wp\/v2\/media\/323"}],"wp:attachment":[{"href":"https:\/\/inlaw.vn\/en\/wp-json\/wp\/v2\/media?parent=348"}],"curies":[{"name":"wp","href":"https:\/\/api.w.org\/{rel}","templated":true}]}}