{"id":492,"date":"2015-04-09T03:46:04","date_gmt":"2015-04-09T03:46:04","guid":{"rendered":"https:\/\/inlaw.vn\/?page_id=492"},"modified":"2015-04-09T05:26:49","modified_gmt":"2015-04-09T05:26:49","slug":"hon-nhan-gia-dinh","status":"publish","type":"page","link":"https:\/\/inlaw.vn\/en\/muc-thu-vien\/van-ban-phap-luat\/hon-nhan-gia-dinh\/","title":{"rendered":"H\u00f4n nh\u00e2n &#8211; Gia \u0111\u00ecnh"},"content":{"rendered":"<p><a href=\"https:\/\/inlaw.vn\/wp-content\/uploads\/Van_ban_phap_luat\/9_Hon_nhan_Gia_dinh\/Luat-Hon-Nhan-Gia-Dinh-2014.doc\">Lu\u1eadt H\u00f4n nh\u00e2n &#8211;\u00a0Gia \u0111\u00ecnh\u00a0(2014)<\/a><\/p>\n","protected":false},"excerpt":{"rendered":"<p>Lu\u1eadt H\u00f4n nh\u00e2n &#8211;\u00a0Gia \u0111\u00ecnh\u00a0(2014)<\/p>\n","protected":false},"author":2,"featured_media":0,"parent":348,"menu_order":9,"comment_status":"open","ping_status":"open","template":"","meta":[],"_links":{"self":[{"href":"https:\/\/inlaw.vn\/en\/wp-json\/wp\/v2\/pages\/492"}],"collection":[{"href":"https:\/\/inlaw.vn\/en\/wp-json\/wp\/v2\/pages"}],"about":[{"href":"https:\/\/inlaw.vn\/en\/wp-json\/wp\/v2\/types\/page"}],"author":[{"embeddable":true,"href":"https:\/\/inlaw.vn\/en\/wp-json\/wp\/v2\/users\/2"}],"replies":[{"embeddable":true,"href":"https:\/\/inlaw.vn\/en\/wp-json\/wp\/v2\/comments?post=492"}],"version-history":[{"count":0,"href":"https:\/\/inlaw.vn\/en\/wp-json\/wp\/v2\/pages\/492\/revisions"}],"up":[{"embeddable":true,"href":"https:\/\/inlaw.vn\/en\/wp-json\/wp\/v2\/pages\/348"}],"wp:attachment":[{"href":"https:\/\/inlaw.vn\/en\/wp-json\/wp\/v2\/media?parent=492"}],"curies":[{"name":"wp","href":"https:\/\/api.w.org\/{rel}","templated":true}]}}