{"id":68,"date":"2015-03-06T03:38:01","date_gmt":"2015-03-06T03:38:01","guid":{"rendered":"https:\/\/inlaw.vn\/?page_id=68"},"modified":"2015-11-17T07:22:18","modified_gmt":"2015-11-17T07:22:18","slug":"dau-tu-tai-viet-nam","status":"publish","type":"page","link":"https:\/\/inlaw.vn\/en\/muc-giay-phep-kinh-doanh\/dau-tu\/dau-tu-tai-viet-nam\/","title":{"rendered":"Investing on Vietnam"},"content":{"rendered":"<p>Trong l\u0129nh v\u1ef1c \u0111\u1ea7u t\u01b0 t\u1ea1i Vi\u1ec7t Nam, INLAW cung c\u1ea5p c\u00e1c d\u1ecbch v\u1ee5 sau:<\/p>\n<ul>\n<li>Th\u00e0nh l\u1eadp doanh nghi\u1ec7p c\u00f3 v\u1ed1n \u0111\u1ea7u t\u01b0 n\u01b0\u1edbc ngo\u00e0i (C\u00f4ng ty TNHH, C\u00f4ng ty c\u1ed5 ph\u1ea7n)<\/li>\n<li>Thay \u0111\u1ed5i n\u1ed9i dung ho\u1ea1t \u0111\u1ed9ng c\u1ee7a doanh nghi\u1ec7p c\u00f3 v\u1ed1n \u0111\u1ea7u t\u01b0 n\u01b0\u1edbc ngo\u00e0i: t\u00ean doanh nghi\u1ec7p, \u0111\u1ecba ch\u1ec9 tr\u1ee5 s\u1edf, ng\u00e0nh ngh\u1ec1 kinh doanh, ng\u01b0\u1eddi \u0111\u1ea1i di\u1ec7n theo ph\u00e1p lu\u1eadt, v\u1ed1n \u0111i\u1ec1u l\u1ec7, c\u1ed5 \u0111\u00f4ng s\u00e1ng l\u1eadp\/ th\u00e0nh vi\u00ean g\u00f3p v\u1ed1n\/ ch\u1ee7 s\u1edf h\u1eefu<\/li>\n<li>Chia, t\u00e1ch, h\u1ee3p nh\u1ea5t, s\u00e1p nh\u1eadp doanh nghi\u1ec7p<\/li>\n<li>Chuy\u1ec3n \u0111\u1ed5i lo\u1ea1i h\u00ecnh doanh nghi\u1ec7p<\/li>\n<li>Mua l\u1ea1i doanh nghi\u1ec7p<\/li>\n<li>Gi\u1ea3i th\u1ec3 doanh nghi\u1ec7p<\/li>\n<li>Th\u00e0nh l\u1eadp, \u0111i\u1ec1u ch\u1ec9nh d\u1ef1 \u00e1n \u0111\u1ea7u t\u01b0 theo h\u00ecnh th\u1ee9c h\u1ee3p \u0111\u1ed3ng: BCC, BOT, BOT, BT<\/li>\n<li>Gia h\u1ea1n th\u1eddi gian ho\u1ea1t \u0111\u1ed9ng c\u1ee7a d\u1ef1 \u00e1n<\/li>\n<li>Th\u00e0nh l\u1eadp, thay \u0111\u1ed5i n\u1ed9i dung ho\u1ea1t \u0111\u1ed9ng, ch\u1ea5m d\u1ee9t ho\u1ea1t \u0111\u1ed9ng c\u1ee7a chi nh\u00e1nh, v\u0103n ph\u00f2ng \u0111\u1ea1i di\u1ec7n, \u0111\u1ecba \u0111i\u1ec3m kinh doanh<\/li>\n<\/ul>\n<p>Quy tr\u00ecnh th\u1ef1c hi\u1ec7n:<\/p>\n<h3>B\u01b0\u1edbc 1: Ti\u1ebfp nh\u1eadn y\u00eau c\u1ea7u d\u1ecbch v\u1ee5<\/h3>\n<p>Lu\u1eadt s\u01b0 c\u1ee7a INLAW ti\u1ebfp x\u00fac, trao \u0111\u1ed5i v\u1edbi kh\u00e1ch h\u00e0ng \u0111\u1ec3 n\u1eafm r\u00f5 y\u00eau c\u1ea7u v\u00e0 ti\u1ebfp nh\u1eadn c\u00e1c th\u00f4ng tin, gi\u1ea5y t\u1edd, t\u00e0i li\u1ec7u li\u00ean quan.<\/p>\n<h3>B\u01b0\u1edbc 2: T\u01b0 v\u1ea5n ph\u00e1p lu\u1eadt<\/h3>\n<p>Lu\u1eadt s\u01b0 c\u1ee7a INLAW s\u1ebd t\u01b0 v\u1ea5n v\u1ec1:<\/p>\n<ul>\n<li>H\u00ecnh th\u1ee9c \u0111\u1ea7u t\u01b0<\/li>\n<li>Ch\u00ednh s\u00e1ch \u01b0u \u0111\u00e3i, h\u1ed7 tr\u1ee3 \u0111\u1ea7u t\u01b0<\/li>\n<li>Ch\u00ednh s\u00e1ch thu\u1ebf<\/li>\n<li>Th\u1ee7 t\u1ee5c \u0111\u0103ng k\u00fd \u0111\u1ea7u t\u01b0<\/li>\n<\/ul>\n<h3>B\u01b0\u1edbc 3: K\u00fd k\u1ebft h\u1ee3p \u0111\u1ed3ng d\u1ecbch v\u1ee5<\/h3>\n<p>INLAW v\u00e0 kh\u00e1ch h\u00e0ng k\u00fd k\u1ebft h\u1ee3p \u0111\u1ed3ng d\u1ecbch v\u1ee5 ph\u00e1p l\u00fd sau khi \u0111\u00e3 th\u1ed1ng nh\u1ea5t v\u1ec1 ph\u1ea1m vi c\u00f4ng vi\u1ec7c, th\u1eddi gian th\u1ef1c hi\u1ec7n v\u00e0 m\u1ee9c ph\u00ed d\u1ecbch v\u1ee5.<\/p>\n<h3>B\u01b0\u1edbc 4: Th\u1ef1c hi\u1ec7n<\/h3>\n<p>Lu\u1eadt s\u01b0 c\u1ee7a INLAW th\u1ef1c hi\u1ec7n nh\u1eefng c\u00f4ng vi\u1ec7c \u0111\u00e3 \u0111\u01b0\u1ee3c th\u1ed1ng nh\u1ea5t trong h\u1ee3p \u0111\u1ed3ng d\u1ecbch v\u1ee5 ph\u00e1p l\u00fd, bao g\u1ed3m:<\/p>\n<ul>\n<li>Chu\u1ea9n b\u1ecb h\u1ed3 s\u01a1 ph\u00e1p l\u00fd<\/li>\n<li>\u0110\u1ea1i di\u1ec7n kh\u00e1ch h\u00e0ng n\u1ed9p h\u1ed3 s\u01a1 t\u1ea1i c\u01a1 quan c\u1ea5p ph\u00e9p<\/li>\n<li>Theo d\u00f5i ti\u1ebfn tr\u00ecnh gi\u1ea3i quy\u1ebft h\u1ed3 s\u01a1<\/li>\n<li>Gi\u1ea3i tr\u00ecnh, b\u1ed5 sung h\u1ed3 s\u01a1 khi c\u00f3 y\u00eau c\u1ea7u c\u1ee7a c\u01a1 quan c\u1ea5p ph\u00e9p<\/li>\n<li>Nh\u1eadn gi\u1ea5y ph\u00e9p v\u00e0 giao l\u1ea1i cho kh\u00e1ch h\u00e0ng<\/li>\n<\/ul>\n<h3>B\u01b0\u1edbc 5: Thanh l\u00fd h\u1ee3p \u0111\u1ed3ng d\u1ecbch v\u1ee5<\/h3>\n<p>INLAW v\u00e0 kh\u00e1ch h\u00e0ng th\u1ef1c hi\u1ec7n th\u1ee7 t\u1ee5c thanh l\u00fd h\u1ee3p \u0111\u1ed3ng d\u1ecbch v\u1ee5 ph\u00e1p l\u00fd v\u00e0 ho\u00e0n t\u1ea5t thanh to\u00e1n ph\u00ed d\u1ecbch v\u1ee5.<br \/>\nGI\u1ea2I PH\u00c1P T\u1ed0I \u01afU \u2013 TI\u1ebeT KI\u1ec6M CHI PH\u00cd l\u00e0 ti\u00eau ch\u00ed \u0111\u1ec3 \u0111\u00e1nh gi\u00e1 ch\u1ea5t l\u01b0\u1ee3ng d\u1ecbch v\u1ee5 gi\u1ea5y ph\u00e9p kinh doanh c\u1ee7a ch\u00fang t\u00f4i.<br \/>\nM\u1ed9t s\u1ed1 v\u1ee5 vi\u1ec7c m\u00e0 INLAW \u0111\u00e3 th\u1ef1c hi\u1ec7n trong th\u1eddi gian g\u1ea7n \u0111\u00e2y:<\/p>\n<ul>\n<li>T\u01b0 v\u1ea5n cho m\u1ed9t doanh nghi\u1ec7p Nh\u1eadt B\u1ea3n trong vi\u1ec7c \u0111\u1ea7u t\u01b0 th\u00e0nh l\u1eadp m\u1ed9t c\u00f4ng ty con t\u1ea1i Vi\u1ec7t Nam<br \/>\nho\u1ea1t \u0111\u1ed9ng trong l\u0129nh v\u1ef1c nh\u1eadp kh\u1ea9u v\u00e0 ph\u00e2n ph\u1ed1i th\u00fa nu\u00f4i.<\/li>\n<li>T\u01b0 v\u1ea5n cho m\u1ed9t s\u1ed1 nh\u00e0 \u0111\u1ea7u t\u01b0 c\u00e1 nh\u00e2n ng\u01b0\u1eddi Nh\u1eadt trong vi\u1ec7c \u0111\u1ea7u t\u01b0 th\u00e0nh l\u1eadp m\u1ed9t c\u00f4ng ty c\u1ed5 ph\u1ea7n t\u1ea1i Vi\u1ec7t Nam ho\u1ea1t \u0111\u1ed9ng trong l\u0129nh v\u1ef1c ph\u00e2n ph\u1ed1i ph\u1ee5 t\u00f9ng \u00f4 t\u00f4.<\/li>\n<li>T\u01b0 v\u1ea5n cho m\u1ed9t s\u1ed1 nh\u00e0 \u0111\u1ea7u t\u01b0 c\u00e1 nh\u00e2n ng\u01b0\u1eddi Nh\u1eadt trong vi\u1ec7c \u0111\u1ea7u t\u01b0 th\u00e0nh l\u1eadp m\u1ed9t c\u00f4ng ty c\u1ed5 ph\u1ea7n t\u1ea1i Vi\u1ec7t Nam ho\u1ea1t \u0111\u1ed9ng trong l\u0129nh v\u1ef1c t\u01b0 v\u1ea5n \u0111\u1ea7u t\u01b0.<\/li>\n<li>T\u01b0 v\u1ea5n cho m\u1ed9t doanh nghi\u1ec7p Nh\u1eadt B\u1ea3n ho\u1ea1t \u0111\u1ed9ng trong l\u0129nh v\u1ef1c x\u00fac ti\u1ebfn \u0111\u1ea7u t\u01b0 th\u00e0nh l\u1eadp m\u1ed9t v\u0103n ph\u00f2ng \u0111\u1ea1i di\u1ec7n t\u1ea1i Vi\u1ec7t Nam.<\/li>\n<li>T\u01b0 v\u1ea5n cho m\u1ed9t doanh nghi\u1ec7p \u00dac mua l\u1ea1i 100% v\u1ed1n g\u00f3p c\u1ee7a m\u1ed9t c\u00f4ng ty TNHH Vi\u1ec7t Nam.<\/li>\n<li>T\u01b0 v\u1ea5n cho m\u1ed9t doanh nghi\u1ec7p H\u00e0n Qu\u1ed1c mua l\u1ea1i 100% v\u1ed1n g\u00f3p c\u1ee7a m\u1ed9t c\u00f4ng ty 100% v\u1ed1n n\u01b0\u1edbc ngo\u00e0i t\u1ea1i Vi\u1ec7t Nam.<\/li>\n<\/ul>\n","protected":false},"excerpt":{"rendered":"<p>Trong l\u0129nh v\u1ef1c \u0111\u1ea7u t\u01b0 t\u1ea1i Vi\u1ec7t Nam, INLAW cung c\u1ea5p c\u00e1c d\u1ecbch v\u1ee5 sau: Th\u00e0nh l\u1eadp doanh nghi\u1ec7p c\u00f3 v\u1ed1n \u0111\u1ea7u t\u01b0 n\u01b0\u1edbc ngo\u00e0i (C\u00f4ng ty TNHH, C\u00f4ng ty c\u1ed5 ph\u1ea7n) Thay \u0111\u1ed5i n\u1ed9i dung ho\u1ea1t \u0111\u1ed9ng c\u1ee7a doanh [&hellip;]<\/p>\n","protected":false},"author":1,"featured_media":328,"parent":55,"menu_order":0,"comment_status":"open","ping_status":"open","template":"","meta":[],"_links":{"self":[{"href":"https:\/\/inlaw.vn\/en\/wp-json\/wp\/v2\/pages\/68"}],"collection":[{"href":"https:\/\/inlaw.vn\/en\/wp-json\/wp\/v2\/pages"}],"about":[{"href":"https:\/\/inlaw.vn\/en\/wp-json\/wp\/v2\/types\/page"}],"author":[{"embeddable":true,"href":"https:\/\/inlaw.vn\/en\/wp-json\/wp\/v2\/users\/1"}],"replies":[{"embeddable":true,"href":"https:\/\/inlaw.vn\/en\/wp-json\/wp\/v2\/comments?post=68"}],"version-history":[{"count":0,"href":"https:\/\/inlaw.vn\/en\/wp-json\/wp\/v2\/pages\/68\/revisions"}],"up":[{"embeddable":true,"href":"https:\/\/inlaw.vn\/en\/wp-json\/wp\/v2\/pages\/55"}],"wp:featuredmedia":[{"embeddable":true,"href":"https:\/\/inlaw.vn\/en\/wp-json\/wp\/v2\/media\/328"}],"wp:attachment":[{"href":"https:\/\/inlaw.vn\/en\/wp-json\/wp\/v2\/media?parent=68"}],"curies":[{"name":"wp","href":"https:\/\/api.w.org\/{rel}","templated":true}]}}