{"id":70,"date":"2015-03-06T03:38:29","date_gmt":"2015-03-06T03:38:29","guid":{"rendered":"https:\/\/inlaw.vn\/?page_id=70"},"modified":"2015-11-17T07:23:00","modified_gmt":"2015-11-17T07:23:00","slug":"dau-tu-tai-nuoc-ngoai","status":"publish","type":"page","link":"https:\/\/inlaw.vn\/en\/muc-giay-phep-kinh-doanh\/dau-tu\/dau-tu-tai-nuoc-ngoai\/","title":{"rendered":"Investments Abroad"},"content":{"rendered":"<p>Trong l\u0129nh v\u1ef1c \u0111\u1ea7u t\u01b0 ra n\u01b0\u1edbc ngo\u00e0i, INLAW cung c\u1ea5p c\u00e1c d\u1ecbch v\u1ee5 sau:<\/p>\n<ul>\n<li>\u0110\u0103ng k\u00fd \u0111\u1ea7u t\u01b0 ra n\u01b0\u1edbc ngo\u00e0i<\/li>\n<li>\u0110i\u1ec1u ch\u1ec9nh Gi\u1ea5y ch\u1ee9ng nh\u1eadn \u0111\u1ea7u t\u01b0 ra n\u01b0\u1edbc ngo\u00e0i v\u1ec1: m\u1ee5c ti\u00eau \u0111\u1ea7u t\u01b0, quy m\u00f4 d\u1ef1 \u00e1n \u0111\u1ea7u t\u01b0, v\u1ed1n \u0111\u1ea7u t\u01b0, ch\u1ee7 \u0111\u1ea7u t\u01b0, n\u01b0\u1edbc ti\u1ebfp nh\u1eadn d\u1ef1 \u00e1n \u0111\u1ea7u t\u01b0, th\u1eddi h\u1ea1n th\u1ef1c hi\u1ec7n d\u1ef1 \u00e1n \u0111\u1ea7u t\u01b0.<\/li>\n<li>Gia h\u1ea1n th\u1eddi gian tri\u1ec3n khai d\u1ef1 \u00e1n \u0111\u1ea7u t\u01b0<\/li>\n<li>Gia h\u1ea1n th\u1eddi gian chuy\u1ec3n l\u1ee3i nhu\u1eadn, thu nh\u1eadp v\u1ec1 Vi\u1ec7t Nam<\/li>\n<li>Ch\u1ea5m d\u1ee9t d\u1ef1 \u00e1n \u0111\u1ea7u t\u01b0<\/li>\n<\/ul>\n<p>Quy tr\u00ecnh th\u1ef1c hi\u1ec7n:<\/p>\n<h3>B\u01b0\u1edbc 1: Ti\u1ebfp nh\u1eadn y\u00eau c\u1ea7u d\u1ecbch v\u1ee5<\/h3>\n<p>Lu\u1eadt s\u01b0 c\u1ee7a INLAW ti\u1ebfp x\u00fac, trao \u0111\u1ed5i v\u1edbi kh\u00e1ch h\u00e0ng \u0111\u1ec3 n\u1eafm r\u00f5 y\u00eau c\u1ea7u v\u00e0 ti\u1ebfp nh\u1eadn c\u00e1c th\u00f4ng tin, gi\u1ea5y t\u1edd, t\u00e0i li\u1ec7u li\u00ean quan.<\/p>\n<h3>B\u01b0\u1edbc 2: T\u01b0 v\u1ea5n ph\u00e1p lu\u1eadt<\/h3>\n<p>&lt;Lu\u1eadt s\u01b0 c\u1ee7a INLAW t\u01b0 v\u1ea5n v\u1ec1:<\/p>\n<ul>\n<li>H\u00ecnh th\u1ee9c, \u0111i\u1ec1u ki\u1ec7n \u0111\u1ea7u t\u01b0<\/li>\n<li>L\u0129nh v\u1ef1c khuy\u1ebfn kh\u00edch, c\u1ea5m, h\u1ea1n ch\u1ebf \u0111\u1ea7u t\u01b0<\/li>\n<li>Ch\u00ednh s\u00e1ch \u01b0u \u0111\u00e3i, h\u1ed7 tr\u1ee3 \u0111\u1ea7u t\u01b0<\/li>\n<li>Ch\u00ednh s\u00e1ch thu\u1ebf<\/li>\n<li>Th\u1ee7 t\u1ee5c \u0111\u0103ng k\u00fd \u0111\u1ea7u t\u01b0<\/li>\n<li>Chuy\u1ec3n v\u1ed1n \u0111\u1ea7u t\u01b0 ra n\u01b0\u1edbc ngo\u00e0i<\/li>\n<li>Chuy\u1ec3n l\u1ee3i nhu\u1eadn v\u1ec1 n\u01b0\u1edbc<\/li>\n<\/ul>\n<h3>B\u01b0\u1edbc 3: K\u00fd k\u1ebft h\u1ee3p \u0111\u1ed3ng d\u1ecbch v\u1ee5<\/h3>\n<p>INLAW v\u00e0 kh\u00e1ch h\u00e0ng k\u00fd k\u1ebft h\u1ee3p \u0111\u1ed3ng d\u1ecbch v\u1ee5 ph\u00e1p l\u00fd sau khi \u0111\u00e3 th\u1ed1ng nh\u1ea5t v\u1ec1 ph\u1ea1m vi c\u00f4ng vi\u1ec7c, th\u1eddi gian th\u1ef1c hi\u1ec7n v\u00e0 m\u1ee9c ph\u00ed d\u1ecbch v\u1ee5.<\/p>\n<h3>B\u01b0\u1edbc 4: Th\u1ef1c hi\u1ec7n<\/h3>\n<p>Lu\u1eadt s\u01b0 c\u1ee7a INLAW th\u1ef1c hi\u1ec7n nh\u1eefng c\u00f4ng vi\u1ec7c \u0111\u00e3 \u0111\u01b0\u1ee3c th\u1ed1ng nh\u1ea5t trong h\u1ee3p \u0111\u1ed3ng d\u1ecbch v\u1ee5 ph\u00e1p l\u00fd, bao g\u1ed3m:<\/p>\n<ul>\n<li>\u00a0Chu\u1ea9n b\u1ecb h\u1ed3 s\u01a1 ph\u00e1p l\u00fd<\/li>\n<li>\u00a0\u0110\u1ea1i di\u1ec7n kh\u00e1ch h\u00e0ng n\u1ed9p h\u1ed3 s\u01a1 t\u1ea1i c\u01a1 quan c\u1ea5p ph\u00e9p<\/li>\n<li>Theo d\u00f5i ti\u1ebfn tr\u00ecnh gi\u1ea3i quy\u1ebft h\u1ed3 s\u01a1<\/li>\n<li>Gi\u1ea3i tr\u00ecnh, b\u1ed5 sung h\u1ed3 s\u01a1 khi c\u00f3 y\u00eau c\u1ea7u c\u1ee7a c\u01a1 quan c\u1ea5p ph\u00e9p<\/li>\n<li>Nh\u1eadn gi\u1ea5y ph\u00e9p v\u00e0 giao l\u1ea1i cho kh\u00e1ch h\u00e0ng<\/li>\n<\/ul>\n<h3>B\u01b0\u1edbc 5: Thanh l\u00fd h\u1ee3p \u0111\u1ed3ngd\u1ecbch v\u1ee5<\/h3>\n<p>INLAW v\u00e0 kh\u00e1ch h\u00e0ng th\u1ef1c hi\u1ec7n th\u1ee7 t\u1ee5c thanh l\u00fd h\u1ee3p \u0111\u1ed3ng d\u1ecbch v\u1ee5 ph\u00e1p l\u00fd v\u00e0 ho\u00e0n t\u1ea5t thanh to\u00e1n ph\u00ed d\u1ecbch v\u1ee5.<br \/>\nGI\u1ea2I PH\u00c1P T\u1ed0I \u01afU \u2013 TI\u1ebeT KI\u1ec6M CHI PH\u00cd l\u00e0 ti\u00eau ch\u00ed \u0111\u1ec3 \u0111\u00e1nh gi\u00e1 ch\u1ea5t l\u01b0\u1ee3ng d\u1ecbch v\u1ee5 gi\u1ea5y ph\u00e9p kinh doanh c\u1ee7a ch\u00fang t\u00f4i.<br \/>\nM\u1ed9t s\u1ed1 v\u1ee5 vi\u1ec7c m\u00e0 INLAW \u0111\u00e3 th\u1ef1c hi\u1ec7n trong th\u1eddi gian g\u1ea7n \u0111\u00e2y:<\/p>\n<ul>\n<li>T\u01b0 v\u1ea5n cho m\u1ed9t doanh nghi\u1ec7p Vi\u1ec7t Nam trong vi\u1ec7c \u0111\u1ea7u t\u01b0 th\u00e0nh l\u1eadp m\u1ed9t c\u00f4ng ty con t\u1ea1i Myanmar chuy\u00ean kinh doanh trong l\u0129nh v\u1ef1c b\u00e1n l\u1ebb.<\/li>\n<li>T\u01b0 v\u1ea5n cho m\u1ed9t T\u1eadp \u0111o\u00e0n b\u1ea5t \u0111\u1ed9ng s\u1ea3n l\u1edbn c\u1ee7a Vi\u1ec7t Nam trong vi\u1ec7c \u0111\u1ea7u t\u01b0 th\u00e0nh l\u1eadp m\u1ed9t c\u00f4ng ty con t\u1ea1i Nh\u1eadt B\u1ea3n.<\/li>\n<li>T\u01b0 v\u1ea5n cho m\u1ed9t doanh nghi\u1ec7p Vi\u1ec7t Nam trong vi\u1ec7c \u0111\u1ea7u t\u01b0 th\u00e0nh l\u1eadp m\u1ed9t c\u00f4ng ty con t\u1ea1i Singapore chuy\u00ean kinh doanh x\u0103ng d\u1ea7u.<\/li>\n<\/ul>\n<p><\/p>","protected":false},"excerpt":{"rendered":"<p>Trong l\u0129nh v\u1ef1c \u0111\u1ea7u t\u01b0 ra n\u01b0\u1edbc ngo\u00e0i, INLAW cung c\u1ea5p c\u00e1c d\u1ecbch v\u1ee5 sau: \u0110\u0103ng k\u00fd \u0111\u1ea7u t\u01b0 ra n\u01b0\u1edbc ngo\u00e0i \u0110i\u1ec1u ch\u1ec9nh Gi\u1ea5y ch\u1ee9ng nh\u1eadn \u0111\u1ea7u t\u01b0 ra n\u01b0\u1edbc ngo\u00e0i v\u1ec1: m\u1ee5c ti\u00eau \u0111\u1ea7u t\u01b0, quy m\u00f4 d\u1ef1 [&hellip;]<\/p>\n","protected":false},"author":1,"featured_media":329,"parent":55,"menu_order":0,"comment_status":"open","ping_status":"open","template":"","meta":[],"_links":{"self":[{"href":"https:\/\/inlaw.vn\/en\/wp-json\/wp\/v2\/pages\/70"}],"collection":[{"href":"https:\/\/inlaw.vn\/en\/wp-json\/wp\/v2\/pages"}],"about":[{"href":"https:\/\/inlaw.vn\/en\/wp-json\/wp\/v2\/types\/page"}],"author":[{"embeddable":true,"href":"https:\/\/inlaw.vn\/en\/wp-json\/wp\/v2\/users\/1"}],"replies":[{"embeddable":true,"href":"https:\/\/inlaw.vn\/en\/wp-json\/wp\/v2\/comments?post=70"}],"version-history":[{"count":0,"href":"https:\/\/inlaw.vn\/en\/wp-json\/wp\/v2\/pages\/70\/revisions"}],"up":[{"embeddable":true,"href":"https:\/\/inlaw.vn\/en\/wp-json\/wp\/v2\/pages\/55"}],"wp:featuredmedia":[{"embeddable":true,"href":"https:\/\/inlaw.vn\/en\/wp-json\/wp\/v2\/media\/329"}],"wp:attachment":[{"href":"https:\/\/inlaw.vn\/en\/wp-json\/wp\/v2\/media?parent=70"}],"curies":[{"name":"wp","href":"https:\/\/api.w.org\/{rel}","templated":true}]}}